{"id":41,"date":"2016-08-03T14:37:33","date_gmt":"2016-08-03T14:37:33","guid":{"rendered":"http:\/\/marian-heuser.de\/?page_id=41"},"modified":"2026-03-03T13:36:31","modified_gmt":"2026-03-03T13:36:31","slug":"ich-gebe-workshops","status":"publish","type":"page","link":"https:\/\/marian-heuser.de\/?page_id=41","title":{"rendered":"Workshops"},"content":{"rendered":"\n<p><\/p>\n\n\n\n<p> <\/p>\n\n\n\n<p><\/p>\n\n\n\n<p class=\"has-text-align-left has-medium-font-size\">Du hast Lust auf gelungene Wortakrobatik, ergreifende Lyrik, witzige Prosa oder kritischen Hip Hop? Am besten selbstgemacht? Kein Problem! <strong>Der Workshop vermittelt das Ph\u00e4nomen Poetry Slam und bringt Texte live auf die B\u00fchne.<\/strong> Hier geht es unverkrampft an die zwei Grundelemente des Poetry Slams: <strong>Den Text und den Vortrag.<\/strong><\/p>\n\n\n\n<div style=\"height:20px\" aria-hidden=\"true\" class=\"wp-block-spacer\"><\/div>\n\n\n\n<p class=\"has-medium-font-size\">Eine <strong>Abschlussveranstaltung<\/strong> macht die Workshop-Ergebnisse f\u00fcr alle erlebbar, empowered junge und junggebliebene Menschen und <strong>trainiert sicheres Auftreten und das Sprechen vor Gruppen<\/strong>.<\/p>\n\n\n\n<div style=\"height:20px\" aria-hidden=\"true\" class=\"wp-block-spacer\"><\/div>\n\n\n\n<p class=\"has-text-align-left has-medium-font-size\">Ich habe bereits eine Vielzahl an U20 \/ NewComer:innen Slams in unterschiedlichen Kontexten realisiert. Dauerhafte Kooperationspartner sind dabei der <a href=\"https:\/\/buecherei-weiterdenken.de\/\" target=\"_blank\" rel=\"noreferrer noopener\">Freunde der Stadtb\u00fccherei L\u00fcdenscheid e.V.<\/a> sowie das <a href=\"https:\/\/fhh.de\/home.html\" target=\"_blank\" rel=\"noreferrer noopener\">Fritz-Hen\u00dfler-Haus<\/a> in Dortmund. Einige meiner Workshop-Teilnehmer:innen nahmen erfolgreich an Poetry Slam Landesmeisterschaften teil (u.a. Luise Wolff [3. Platz U20 NRW 2019], Phil Schmidt [Finalteilnahme U20 NRW Slam 2024]).<\/p>\n\n\n\n<div style=\"height:30px\" aria-hidden=\"true\" class=\"wp-block-spacer\"><\/div>\n\n\n\n<p><strong>Exemplarische Presse:<\/strong><\/p>\n\n\n\n<p>2026: <strong><a href=\"http:\/\/buergerstiftung-luedenscheid.de\/projekte\/u20-poetry-slam-2026\/\" target=\"_blank\" rel=\"noreferrer noopener\">U20 Poetry Slam 2026 &#8211; B\u00fcrgerstiftung Sparkasse L\u00fcdenscheid<\/a><\/strong><\/p>\n\n\n\n<p>2024: <a rel=\"noreferrer noopener\" href=\"https:\/\/www.come-on.de\/volmetal\/meinerzhagen\/valberter-phil-schmidt-hat-sich-fuer-die-landesmeisterschaften-im-poetry-slam-qualifiziert-93231536.html\" target=\"_blank\"><strong>Vom Klassenzimmer zur Landesmeisterschaft &#8211; Interview mit Phil Schmidt<\/strong><\/a><\/p>\n\n\n\n<p>2024:<strong> <a rel=\"noreferrer noopener\" href=\"https:\/\/lokaldirekt.de\/news\/luedenscheid-wird-zur-u20-slammer-hochburg\" target=\"_blank\">L\u00fcdenscheid wird zur U20-Slammer Hochburg<\/a><\/strong><\/p>\n\n\n\n<p>2023: <a rel=\"noreferrer noopener\" href=\"https:\/\/lokaldirekt.de\/news\/das-mikrofon-ist-euer-freund\" target=\"_blank\"><strong>Workshop Stadtb\u00fccherei L\u00fcdenscheid &#8211; Bergstadt Gymnasium<\/strong><\/a><\/p>\n\n\n\n<p>2023: <a rel=\"noreferrer noopener\" href=\"https:\/\/www.hellwegeranzeiger.de\/unna\/unna-schule-pgu-poetry-slam-lindenbrauerei-unna-w698099-p-1000738749\/\" target=\"_blank\"><strong>Workshop Unna &#8211; Pestalozzi Gymnasium<\/strong><\/a><\/p>\n\n\n\n<p>2022: <strong><a rel=\"noreferrer noopener\" href=\"https:\/\/www.come-on.de\/luedenscheid\/arg-schueler-aus-luedenscheid-beim-poetry-slam-91820586.html\" target=\"_blank\">Workshop L\u00fcdenscheid &#8211; Adolf Reichwein Gesamtschule<\/a>&nbsp;<\/strong><\/p>\n\n\n\n<p>2018: <a rel=\"noreferrer noopener\" href=\"https:\/\/woll-magazin.de\/2018\/01\/12\/poetry-slam-im-focus-der-literaturfoerderung\/\" target=\"_blank\"><strong>Poetry Slam Talent-Scouting im M\u00e4rkischen Kreis<\/strong><\/a><\/p>\n\n\n\n<p>2017: <a rel=\"noopener noreferrer\" href=\"https:\/\/www.come-on.de\/lennetal\/werdohl\/slam-8446671.html\" target=\"_blank\"><strong>Workshop Werdohl &#8211; St\u00e4dtische Realschule<\/strong><\/a><a rel=\"noreferrer noopener\" href=\"https:\/\/www.parksidestudios.de\/events\/\" target=\"_blank\"><\/a><\/p>\n\n\n\n<p><\/p>\n\n\n\n<p><\/p>\n\n\n\n<div style=\"height:30px\" aria-hidden=\"true\" class=\"wp-block-spacer\"><\/div>\n\n\n\n<figure class=\"wp-container-2 wp-block-gallery-1 wp-block-gallery has-nested-images columns-default is-cropped\">\n<figure class=\"wp-block-image size-large\"><img loading=\"lazy\" width=\"2560\" height=\"1920\" data-id=\"369\"  src=\"https:\/\/marian-heuser.de\/wp-content\/uploads\/2021\/11\/Workshop-19-07-02-2-scaled.jpg\" alt=\"\" class=\"wp-image-369\" srcset=\"https:\/\/marian-heuser.de\/wp-content\/uploads\/2021\/11\/Workshop-19-07-02-2-scaled.jpg 2560w, https:\/\/marian-heuser.de\/wp-content\/uploads\/2021\/11\/Workshop-19-07-02-2-300x225.jpg 300w, https:\/\/marian-heuser.de\/wp-content\/uploads\/2021\/11\/Workshop-19-07-02-2-1024x768.jpg 1024w, https:\/\/marian-heuser.de\/wp-content\/uploads\/2021\/11\/Workshop-19-07-02-2-768x576.jpg 768w, https:\/\/marian-heuser.de\/wp-content\/uploads\/2021\/11\/Workshop-19-07-02-2-1536x1152.jpg 1536w, https:\/\/marian-heuser.de\/wp-content\/uploads\/2021\/11\/Workshop-19-07-02-2-2048x1536.jpg 2048w, https:\/\/marian-heuser.de\/wp-content\/uploads\/2021\/11\/Workshop-19-07-02-2-750x563.jpg 750w\" sizes=\"(max-width: 2560px) 100vw, 2560px\" \/><\/figure>\n\n\n\n<figure class=\"wp-block-image size-large\"><img loading=\"lazy\" width=\"2560\" height=\"1707\" data-id=\"370\"  src=\"https:\/\/marian-heuser.de\/wp-content\/uploads\/2021\/11\/Workshop-1-scaled.jpg\" alt=\"\" class=\"wp-image-370\" srcset=\"https:\/\/marian-heuser.de\/wp-content\/uploads\/2021\/11\/Workshop-1-scaled.jpg 2560w, https:\/\/marian-heuser.de\/wp-content\/uploads\/2021\/11\/Workshop-1-300x200.jpg 300w, https:\/\/marian-heuser.de\/wp-content\/uploads\/2021\/11\/Workshop-1-1024x683.jpg 1024w, https:\/\/marian-heuser.de\/wp-content\/uploads\/2021\/11\/Workshop-1-768x512.jpg 768w, https:\/\/marian-heuser.de\/wp-content\/uploads\/2021\/11\/Workshop-1-1536x1024.jpg 1536w, https:\/\/marian-heuser.de\/wp-content\/uploads\/2021\/11\/Workshop-1-2048x1365.jpg 2048w, https:\/\/marian-heuser.de\/wp-content\/uploads\/2021\/11\/Workshop-1-750x500.jpg 750w\" sizes=\"(max-width: 2560px) 100vw, 2560px\" \/><\/figure>\n\n\n\n<figure class=\"wp-block-image size-large\"><img loading=\"lazy\" width=\"2560\" height=\"1920\" data-id=\"368\"  src=\"https:\/\/marian-heuser.de\/wp-content\/uploads\/2021\/11\/Workshop-19-07-01-37-scaled.jpg\" alt=\"\" class=\"wp-image-368\" srcset=\"https:\/\/marian-heuser.de\/wp-content\/uploads\/2021\/11\/Workshop-19-07-01-37-scaled.jpg 2560w, https:\/\/marian-heuser.de\/wp-content\/uploads\/2021\/11\/Workshop-19-07-01-37-300x225.jpg 300w, https:\/\/marian-heuser.de\/wp-content\/uploads\/2021\/11\/Workshop-19-07-01-37-1024x768.jpg 1024w, https:\/\/marian-heuser.de\/wp-content\/uploads\/2021\/11\/Workshop-19-07-01-37-768x576.jpg 768w, https:\/\/marian-heuser.de\/wp-content\/uploads\/2021\/11\/Workshop-19-07-01-37-1536x1152.jpg 1536w, https:\/\/marian-heuser.de\/wp-content\/uploads\/2021\/11\/Workshop-19-07-01-37-2048x1536.jpg 2048w, https:\/\/marian-heuser.de\/wp-content\/uploads\/2021\/11\/Workshop-19-07-01-37-750x563.jpg 750w\" sizes=\"(max-width: 2560px) 100vw, 2560px\" \/><\/figure>\n\n\n\n<figure class=\"wp-block-image size-large\"><img loading=\"lazy\" width=\"2560\" height=\"1707\" data-id=\"371\"  src=\"https:\/\/marian-heuser.de\/wp-content\/uploads\/2021\/11\/Workshop-6-scaled.jpg\" alt=\"\" class=\"wp-image-371\" srcset=\"https:\/\/marian-heuser.de\/wp-content\/uploads\/2021\/11\/Workshop-6-scaled.jpg 2560w, https:\/\/marian-heuser.de\/wp-content\/uploads\/2021\/11\/Workshop-6-300x200.jpg 300w, https:\/\/marian-heuser.de\/wp-content\/uploads\/2021\/11\/Workshop-6-1024x683.jpg 1024w, https:\/\/marian-heuser.de\/wp-content\/uploads\/2021\/11\/Workshop-6-768x512.jpg 768w, https:\/\/marian-heuser.de\/wp-content\/uploads\/2021\/11\/Workshop-6-1536x1024.jpg 1536w, https:\/\/marian-heuser.de\/wp-content\/uploads\/2021\/11\/Workshop-6-2048x1365.jpg 2048w, https:\/\/marian-heuser.de\/wp-content\/uploads\/2021\/11\/Workshop-6-750x500.jpg 750w\" sizes=\"(max-width: 2560px) 100vw, 2560px\" \/><\/figure>\n\n\n\n<figure class=\"wp-block-image size-large\"><img loading=\"lazy\" width=\"1224\" height=\"816\" data-id=\"366\"  src=\"https:\/\/marian-heuser.de\/wp-content\/uploads\/2021\/11\/1.jpg\" alt=\"\" class=\"wp-image-366\" srcset=\"https:\/\/marian-heuser.de\/wp-content\/uploads\/2021\/11\/1.jpg 1224w, https:\/\/marian-heuser.de\/wp-content\/uploads\/2021\/11\/1-300x200.jpg 300w, https:\/\/marian-heuser.de\/wp-content\/uploads\/2021\/11\/1-1024x683.jpg 1024w, https:\/\/marian-heuser.de\/wp-content\/uploads\/2021\/11\/1-768x512.jpg 768w, https:\/\/marian-heuser.de\/wp-content\/uploads\/2021\/11\/1-750x500.jpg 750w\" sizes=\"(max-width: 1224px) 100vw, 1224px\" \/><\/figure>\n\n\n\n<figure class=\"wp-block-image size-large\"><img loading=\"lazy\" width=\"1224\" height=\"816\" data-id=\"367\"  src=\"https:\/\/marian-heuser.de\/wp-content\/uploads\/2021\/11\/IMG_9275.jpg\" alt=\"\" class=\"wp-image-367\" srcset=\"https:\/\/marian-heuser.de\/wp-content\/uploads\/2021\/11\/IMG_9275.jpg 1224w, https:\/\/marian-heuser.de\/wp-content\/uploads\/2021\/11\/IMG_9275-300x200.jpg 300w, https:\/\/marian-heuser.de\/wp-content\/uploads\/2021\/11\/IMG_9275-1024x683.jpg 1024w, https:\/\/marian-heuser.de\/wp-content\/uploads\/2021\/11\/IMG_9275-768x512.jpg 768w, https:\/\/marian-heuser.de\/wp-content\/uploads\/2021\/11\/IMG_9275-750x500.jpg 750w\" sizes=\"(max-width: 1224px) 100vw, 1224px\" \/><\/figure>\n<\/figure>\n\n\n\n<p class=\"has-text-align-center has-small-font-size\">Fotos: <a href=\"http:\/\/anna-lisakonrad.de\/\">Anna-Lisa Konrad<\/a>, Freunde der Stadtb\u00fccherei L\u00fcdenscheid e.V. &amp; Heimatbund M\u00e4rkischer Kreis e.V.<\/p>\n\n\n\n<h2 class=\"has-text-align-center\"><span style=\"color: #808080;\">Ich biete an:<\/span><\/h2>\n\n\n\n<div style=\"height:15px\" aria-hidden=\"true\" class=\"wp-block-spacer\"><\/div>\n\n\n\n<p class=\"has-medium-font-size\"><strong>Poetry Slam Workshops<\/strong> (mit 5-15 Teilnehmer:innen) f\u00fcr Menschen&nbsp;<strong>ab&nbsp;13&nbsp;Jahren<\/strong>. <\/p>\n\n\n\n<p class=\"has-medium-font-size\">Gerne an <strong>(Hoch-)Schulen jeglicher Art<\/strong>, eingebettet in den Unterricht, sowie in Projektwochen, Schulfesten, Ferienakademien und AGs. Gerne aber auch f\u00fcr freie Tr\u00e4ger und au\u00dferschulische Lernorte. <strong>Workshops f\u00fcr Auszubildende, Berufst\u00e4tige und \/ oder Senior:innen<\/strong> sind ebenfalls m\u00f6glich.<\/p>\n\n\n\n<p class=\"has-medium-font-size\">Vom <strong>Impulsworkshop<\/strong>, \u00fcber eine <strong>zweit\u00e4gige Workshop-Variante<\/strong> bis hin zur&nbsp;<strong>Workshop-Woche, mit \u00f6ffentlicher Pr\u00e4sentation am Ende. <\/strong><\/p>\n\n\n\n<p class=\"has-text-align-center\" style=\"font-size:18px\">Schreibt mich einfach an und wir finden ein passendes Workshop-Konzept.<\/p>\n\n\n\n<p><\/p>\n\n\n\n<hr class=\"wp-block-separator has-alpha-channel-opacity is-style-wide\"\/>\n\n\n\n<p class=\"has-text-align-center\" style=\"font-size:22px\"><a href=\"mailto:info@marian-heuser.de\" target=\"_blank\" rel=\"noopener noreferrer\"><strong>info@marian-heuser.de<\/strong><\/a><\/p>\n\n\n\n<hr class=\"wp-block-separator has-alpha-channel-opacity is-style-wide\"\/>\n\n\n\n<p><strong>Bisherige Kooperationspartner:<\/strong><\/p>\n\n\n\n<p><a rel=\"noreferrer noopener\" href=\"https:\/\/kulturellebildung.de\/mitarbeiter\/marian-heuser\/\" target=\"_blank\">Akademie der Kulturellen Bildung Remscheid<\/a><\/p>\n\n\n\n<p><a href=\"https:\/\/www.annette-gymnasium.de\/2024\/03\/04\/erfolg-beim-slam-dreikampf-in-duesseldorf\/\" target=\"_blank\" rel=\"noreferrer noopener\">Annette-von-Droste-H\u00fclshoff-Gymnasium (M\u00fcnster)<\/a><\/p>\n\n\n\n<p><a rel=\"noreferrer noopener\" href=\"http:\/\/bergstadt-gymnasium.de\/\" target=\"_blank\">Bergstadt<\/a><a href=\"http:\/\/bergstadt-gymnasium.de\/\" target=\"_blank\" rel=\"noreferrer noopener\"> Gymnasium (L\u00fcdenscheid)<\/a><\/p>\n\n\n\n<p><a rel=\"noreferrer noopener\" href=\"http:\/\/wb.bklm-ahaus.de\/\" target=\"_blank\">Berufs<\/a><a href=\"http:\/\/wb.bklm-ahaus.de\/\" target=\"_blank\" rel=\"noreferrer noopener\">kolleg Lise Meitner (Ahaus)<\/a><\/p>\n\n\n\n<p><a href=\"http:\/\/www.cactus-theater.de\/news\/dasein-wo\" target=\"_blank\" rel=\"noopener noreferrer\">Cactus Theater M\u00fcnster<\/a><\/p>\n\n\n\n<p><a rel=\"noreferrer noopener\" href=\"http:\/\/hauptschule-billerbeck.de\/htmlsite\/index.php?menuid=105&amp;topmenu=105\" target=\"_blank\">Don-Bosco<\/a><a href=\"http:\/\/hauptschule-billerbeck.de\/htmlsite\/index.php?menuid=105&amp;topmenu=105\" target=\"_blank\" rel=\"noreferrer noopener\">-Schule \/ Gemeinschaftshauptschule (Billerbeck)<\/a><\/p>\n\n\n\n<p><a href=\"http:\/\/www.fbs-gronau.de\/\">F<\/a><a rel=\"noreferrer noopener\" href=\"http:\/\/www.fbs-gronau.de\/\" target=\"_blank\">amilien<\/a><a href=\"http:\/\/www.fbs-gronau.de\/\" target=\"_blank\" rel=\"noreferrer noopener\">bildungsst\u00e4tte Gronau<\/a><\/p>\n\n\n\n<p><a href=\"http:\/\/www.buecherei-weiterdenken.de\/\">Fr<\/a><a rel=\"noreferrer noopener\" href=\"http:\/\/www.buecherei-weiterdenken.de\/\" target=\"_blank\">eunde<\/a><a href=\"http:\/\/www.buecherei-weiterdenken.de\/\" target=\"_blank\" rel=\"noreferrer noopener\"> der Stadtb\u00fccherei L\u00fcdenscheid e.V.<\/a><\/p>\n\n\n\n<p><a href=\"https:\/\/www.fh-dortmund.de\/personen\/Marian-Heuser\/index.php\" target=\"_blank\" rel=\"noreferrer noopener\">FH Dortmund &#8211; Fachbereich Design<\/a><\/p>\n\n\n\n<p><a rel=\"noreferrer noopener\" href=\"http:\/\/www.gymnasium-an-der-stenner.de\/\" target=\"_blank\">Gymnas<\/a><a href=\"http:\/\/www.gymnasium-an-der-stenner.de\/\" target=\"_blank\" rel=\"noreferrer noopener\">ium an der Stenner (Iserlohn)<\/a><\/p>\n\n\n\n<p><a rel=\"noreferrer noopener\" href=\"http:\/\/www.schule1.de\/\" target=\"_blank\">Gymnas<\/a><a href=\"http:\/\/www.schule1.de\/\" target=\"_blank\" rel=\"noreferrer noopener\">ium der Mariannhiller Missionare Maria Veen (Reken)<\/a><\/p>\n\n\n\n<p><a rel=\"noreferrer noopener\" href=\"http:\/\/gymnasium-letmathe.de\/startseite.html\" target=\"_blank\">Gymn<\/a><a href=\"http:\/\/gymnasium-letmathe.de\/startseite.html\" target=\"_blank\" rel=\"noreferrer noopener\">asium Letmathe (Iserlohn)<\/a><\/p>\n\n\n\n<p><a href=\"http:\/\/www.maerkischer-kreis.de\/service\/pressemeldungen\/presseservice969548.php\">H<\/a><a rel=\"noreferrer noopener\" href=\"http:\/\/www.maerkischer-kreis.de\/service\/pressemeldungen\/presseservice969548.php\" target=\"_blank\">eimatb<\/a><a href=\"http:\/\/www.maerkischer-kreis.de\/service\/pressemeldungen\/presseservice969548.php\" target=\"_blank\" rel=\"noreferrer noopener\">und M\u00e4rkischer Kreis e.V.<\/a><\/p>\n\n\n\n<p><a href=\"https:\/\/www.gronau.de\/index.phtml?NavID=1486.321\" target=\"_blank\" rel=\"noreferrer noopener\">Kulturb\u00fcro Gronau<\/a><\/p>\n\n\n\n<p><a rel=\"noreferrer noopener\" href=\"http:\/\/www.kulturhaus-luedenscheid.de\/\" target=\"_blank\">Kulturhaus L\u00fcdenscheid<\/a><\/p>\n\n\n\n<p><a href=\"http:\/\/i5l.stadt-lippstadt.de\/kultur\/kultur___marketing\/117260100000026071.php\">K<\/a><a rel=\"noreferrer noopener\" href=\"http:\/\/i5l.stadt-lippstadt.de\/kultur\/kultur___marketing\/117260100000026071.php\" target=\"_blank\">ultur &amp; <\/a><a href=\"http:\/\/i5l.stadt-lippstadt.de\/kultur\/kultur___marketing\/117260100000026071.php\" target=\"_blank\" rel=\"noreferrer noopener\">Werbung Lippstadt<\/a><\/p>\n\n\n\n<p><a rel=\"noreferrer noopener\" href=\"https:\/\/alteweberei.de\/\" target=\"_blank\">Kulturzentrum Alte Weberei Nordhorn<\/a><\/p>\n\n\n\n<p><a href=\"https:\/\/lindenbrauerei.de\/\" target=\"_blank\" rel=\"noreferrer noopener\">Kulturzentrum Lindenbrauerei<\/a><\/p>\n\n\n\n<p><a href=\"http:\/\/www.kunstverein-gelderland.de\/\">Ku<\/a><a rel=\"noreferrer noopener\" href=\"http:\/\/www.kunstverein-gelderland.de\/\" target=\"_blank\">nstverein Gelderland<\/a><\/p>\n\n\n\n<p><a rel=\"noreferrer noopener\" href=\"http:\/\/www.lise-meitner-geldern.de\/\" target=\"_blank\">Lise-Meitner Gymnasium (Geldern)<\/a><\/p>\n\n\n\n<p><a href=\"https:\/\/lag-abk.de\/\" target=\"_blank\" rel=\"noreferrer noopener\">LAG Arbeit Bildung Kultur (Bochum)<\/a><\/p>\n\n\n\n<p><a rel=\"noreferrer noopener\" href=\"http:\/\/www.mgi-iserlohn.de\/\" target=\"_blank\">M\u00e4rkisches <\/a><a href=\"http:\/\/www.mgi-iserlohn.de\/\">Gymnasium (Iserlohn)<\/a><\/p>\n\n\n\n<p><a rel=\"noreferrer noopener\" href=\"http:\/\/mkk-online.de\/\" target=\"_blank\">M\u00e4rkische Kulturkonferenz<\/a><\/p>\n\n\n\n<p><a rel=\"noreferrer noopener\" href=\"https:\/\/www.pgu.de\/content\/plugins\/news\/news\/poetry-slam-des-pgu-in-der-lindenbrauerei-war-voller-erfolg\" target=\"_blank\">Pestalozzi Gymnasium (Unna)<\/a><\/p>\n\n\n\n<p><a href=\"https:\/\/www.asg-plettenberg.de\/2019\/02\/18\/poetry-slam-workshop-2019\/\">S<\/a><a rel=\"noreferrer noopener\" href=\"https:\/\/www.asg-plettenberg.de\/2019\/02\/18\/poetry-slam-workshop-2019\/\" target=\"_blank\">t\u00e4dtisch<\/a><a href=\"https:\/\/www.asg-plettenberg.de\/2019\/02\/18\/poetry-slam-workshop-2019\/\" target=\"_blank\" rel=\"noreferrer noopener\">es&nbsp;Albert-Schweitzer-Gymnasium (Plettenberg)<\/a><\/p>\n\n\n\n<p><a rel=\"noreferrer noopener\" href=\"https:\/\/www.dionysianum.de\/\" target=\"_blank\">St\u00e4dt. G<\/a><a href=\"https:\/\/www.dionysianum.de\/\" target=\"_blank\" rel=\"noreferrer noopener\">ymnasium Dionysianum (Rheine)<\/a><\/p>\n\n\n\n<p><a href=\"http:\/\/realschule-werdohl.de\/\">S<\/a><a rel=\"noreferrer noopener\" href=\"http:\/\/realschule-werdohl.de\/\" target=\"_blank\">t\u00e4dtisch<\/a><a href=\"http:\/\/realschule-werdohl.de\/\" target=\"_blank\" rel=\"noreferrer noopener\">e Realschule (Werdohl)<\/a><\/p>\n\n\n\n<p><a rel=\"noreferrer noopener\" href=\"https:\/\/sauerlandpark-hemer.de\/\" target=\"_blank\">Saue<\/a><a href=\"https:\/\/sauerlandpark-hemer.de\/\" target=\"_blank\" rel=\"noreferrer noopener\">rlandpark Hemer<\/a><\/p>\n\n\n\n<p><a href=\"http:\/\/www.werdohl-marketing.de\/startseite.html\">W<\/a><a rel=\"noreferrer noopener\" href=\"http:\/\/www.werdohl-marketing.de\/startseite.html\" target=\"_blank\">erdohl<\/a><a href=\"http:\/\/www.werdohl-marketing.de\/startseite.html\" target=\"_blank\" rel=\"noreferrer noopener\"> Marketing GmbH<\/a><\/p>\n\n\n\n<p><a rel=\"noreferrer noopener\" href=\"http:\/\/www.westfalen-initiative.de\/home-westfalen-initiative.html\" target=\"_blank\">Westf<\/a><a href=\"http:\/\/www.westfalen-initiative.de\/home-westfalen-initiative.html\">a<\/a><a rel=\"noreferrer noopener\" href=\"http:\/\/www.westfalen-initiative.de\/home-westfalen-initiative.html\" target=\"_blank\">len Initiat<\/a><a href=\"http:\/\/www.westfalen-initiative.de\/home-westfalen-initiative.html\">ive<\/a><\/p>\n\n\n\n<p><a href=\"https:\/\/www.wlb.de\/projekte\/ferienakademie-nrw\/61-workshopleitung\" target=\"_blank\" rel=\"noreferrer noopener\">Westf\u00e4lisches Literaturb\u00fcro in Unna e.V.<\/a><\/p>\n\n\n\n<p><a rel=\"noreferrer noopener\" href=\"http:\/\/www.zeppelin-gymnasium.de\/\" target=\"_blank\">Zeppeli<\/a><a href=\"http:\/\/www.zeppelin-gymnasium.de\/\" target=\"_blank\" rel=\"noreferrer noopener\">n Gymnasium (L\u00fcdenscheid)<\/a><\/p>\n\n\n\n<p><a rel=\"noreferrer noopener\" href=\"http:\/\/www.regionale2016.de\/\" target=\"_blank\">ZukunftsLA<\/a><a href=\"http:\/\/www.regionale2016.de\/\" target=\"_blank\" rel=\"noreferrer noopener\">ND Regionale 2016<\/a><\/p>\n","protected":false},"excerpt":{"rendered":"<p>Du hast Lust auf gelungene Wortakrobatik, ergreifende Lyrik, witzige Prosa oder kritischen Hip Hop? Am besten selbstgemacht? Kein Problem! Der Workshop vermittelt das Ph\u00e4nomen Poetry [&hellip;]<\/p>\n","protected":false},"author":1,"featured_media":0,"parent":0,"menu_order":0,"comment_status":"closed","ping_status":"closed","template":"page_fullwidth.php","meta":[],"_links":{"self":[{"href":"https:\/\/marian-heuser.de\/index.php?rest_route=\/wp\/v2\/pages\/41"}],"collection":[{"href":"https:\/\/marian-heuser.de\/index.php?rest_route=\/wp\/v2\/pages"}],"about":[{"href":"https:\/\/marian-heuser.de\/index.php?rest_route=\/wp\/v2\/types\/page"}],"author":[{"embeddable":true,"href":"https:\/\/marian-heuser.de\/index.php?rest_route=\/wp\/v2\/users\/1"}],"replies":[{"embeddable":true,"href":"https:\/\/marian-heuser.de\/index.php?rest_route=%2Fwp%2Fv2%2Fcomments&post=41"}],"version-history":[{"count":94,"href":"https:\/\/marian-heuser.de\/index.php?rest_route=\/wp\/v2\/pages\/41\/revisions"}],"predecessor-version":[{"id":793,"href":"https:\/\/marian-heuser.de\/index.php?rest_route=\/wp\/v2\/pages\/41\/revisions\/793"}],"wp:attachment":[{"href":"https:\/\/marian-heuser.de\/index.php?rest_route=%2Fwp%2Fv2%2Fmedia&parent=41"}],"curies":[{"name":"wp","href":"https:\/\/api.w.org\/{rel}","templated":true}]}}