{"id":53,"date":"2016-08-03T14:49:54","date_gmt":"2016-08-03T14:49:54","guid":{"rendered":"http:\/\/marian-heuser.de\/?page_id=53"},"modified":"2025-10-22T11:28:26","modified_gmt":"2025-10-22T11:28:26","slug":"ueber-mich","status":"publish","type":"page","link":"https:\/\/marian-heuser.de\/?page_id=53","title":{"rendered":"VITA"},"content":{"rendered":"\n<h2 class=\"has-text-align-center\"><span style=\"color: #008000;\"><br><em>&#8222;Das Leben ist eine B\u00fchne und f\u00fcr B\u00fchnen&nbsp;lohnt es sich zu leben.&#8220;<\/em><\/span><\/h2>\n\n\n\n<div style=\"height:50px\" aria-hidden=\"true\" class=\"wp-block-spacer\"><\/div>\n\n\n\n<div class=\"wp-container-3 wp-block-columns\">\n<div class=\"wp-container-1 wp-block-column\" style=\"flex-basis:500px\">\n<p class=\"has-medium-font-size\"><em><strong>Darum\u00a0bin ich<\/strong><\/em><\/p>\n\n\n\n<ul id=\"block-58fc67aa-afb0-4b85-b64a-c0cf2a8a3ecc\" class=\"has-medium-font-size\"><li>Kulturmanager<\/li><li>Poetry Slammer<\/li><li>Autor<\/li><li>Moderator<\/li><li>Dozent &amp; Workshopgeber<\/li><li>Sprecher<\/li><li>und manchmal sogar Musiker<\/li><\/ul>\n\n\n\n<p><\/p>\n\n\n\n<p class=\"has-medium-font-size\">Kurzum: Ich stehe gerne auf B\u00fchnen und mir ist es genauso wichtig, sie f\u00fcr andere bereitzustellen, f\u00fcr sie&nbsp;zu schreiben und sie zu organisieren &#8211; nicht erst seit meinem Volontariat beim <a rel=\"noreferrer noopener\" href=\"https:\/\/www.wlb.de\/\" target=\"_blank\">Westf\u00e4lischen Literaturb\u00fcro in Unna<\/a>.<\/p>\n\n\n\n<p class=\"has-medium-font-size\">In NRW und Niedersachsen biete ich regelm\u00e4\u00dfig unterschiedliche <a rel=\"noreferrer noopener\" href=\"https:\/\/www.facebook.com\/WoWordcraft\/events\" target=\"_blank\">Slam Veranstaltungen<\/a> an (Poetry Slams \/ Science Slams \/ Team Slams). <br>Aktuelle Shows findest Du unter: <br><a rel=\"noreferrer noopener\" href=\"http:\/\/wow-slam.de\/termine\/\" target=\"_blank\">WoW-Slam.de<\/a><\/p>\n\n\n\n<p class=\"has-medium-font-size\">Urspr\u00fcnglich stamme ich aus dem Sauerland, genauer gesagt aus L\u00fcdenscheid im M\u00e4rkischen Kreis. Ich wohne, liebe, lache und weine allerdings schon seit 2006 in M\u00fcnster (Westf.).<\/p>\n\n\n\n<p class=\"has-medium-font-size\">Seit 2007 stehe ich als Poetry Slammer auf den B\u00fchnen. Einige Troph\u00e4en\/Pokale und einen Meistertitel (Niedersachsen 2012) darf ich seither mein Eigen nennen. Als &#8222;Peter Panisch&#8220;&nbsp;wurde ich au\u00dferdem NRW Vizemeister im Poetry Slam 2017.<\/p>\n\n\n\n<p class=\"has-medium-font-size\">Seit 2010 bin ich als Workshopgeber t\u00e4tig. In meinen analogen wie digitalen Workshops dreht sich alles um meine gro\u00dfe Liebe Slam Poetry, was sich am besten als eine Mischung aus kreativem Schreiben und freiem Sprechen vor Gruppen beschreiben l\u00e4sst.<\/p>\n\n\n\n<p class=\"has-medium-font-size\">Seit 2018 habe ich au\u00dferdem einen <a rel=\"noreferrer noopener\" href=\"https:\/\/www.fh-dortmund.de\/personen\/Marian-Heuser\/index.php\" target=\"_blank\">Lehrauftrag der FH Dortmund<\/a> (Fachbereich Design<strong>)<\/strong> inne und seit 2021 bin ich <a rel=\"noreferrer noopener\" href=\"https:\/\/kulturellebildung.de\/mitarbeiter\/marian-heuser\/\" target=\"_blank\">Gastdozent der Akademie f\u00fcr kulturelle Bildung in Remscheid<\/a>.<\/p>\n\n\n\n<p class=\"has-medium-font-size\">2022 erschien mein auf einem <a rel=\"noreferrer noopener\" href=\"https:\/\/www.youtube.com\/watch?v=5uSVYJSJbLE\" target=\"_blank\">Poetry Clip<\/a> basierendes Gedicht <a rel=\"noreferrer noopener\" href=\"https:\/\/www.come-on.de\/luedenscheid\/marian-heuser-aus-luedenscheid-schafft-es-in-ein-deutsch-lehrbuch-92033087.html\" data-type=\"URL\" data-id=\"https:\/\/www.come-on.de\/luedenscheid\/marian-heuser-aus-luedenscheid-schafft-es-in-ein-deutsch-lehrbuch-92033087.html\" target=\"_blank\">&#8222;DIKTAT&#8220; in dem Schulbuch &#8222;Deutsch kompetent 9&#8220; (Klettverlag)<\/a><\/p>\n\n\n\n<p class=\"has-medium-font-size\">Dar\u00fcber hinaus arbeite ich als freier Sprecher (z.B. f\u00fcr das Projekt<strong> <a rel=\"noreferrer noopener\" href=\"https:\/\/www.youtube.com\/playlist?list=PLAH1tLcKic6s2tvmcoeL-9DzEWIuARmsP\" target=\"_blank\">Experiment HEIMAT<\/a><\/strong>)<strong> <\/strong>sowie als Autor f\u00fcr Auftragstexte. Hier ein Beispiel: <br><a rel=\"noreferrer noopener\" href=\"https:\/\/nimmersatt-journal.de\/gruendung-des-bundesministeriums-fuer-schrumpfung-glueck-und-ein-gutes-leben-fuer-alle\/\" target=\"_blank\">Er\u00f6ffnungsrede &#8222;Nimmer satt?!&#8220; (LWL Museum M\u00fcnster)<\/a><\/p>\n\n\n\n<hr class=\"wp-block-separator has-alpha-channel-opacity\"\/>\n\n\n\n<p class=\"has-medium-font-size\">Bist Du auf der Suche nach einer kreativen Laudatio, einer nicht allt\u00e4glichen Festrede oder einer Er\u00f6ffnungsrede der besonderen Art? Schreib mich an und wir finden zusammen. Du brauchst jemanden, der Dir hilft einen Slam zu veranstalten? Du bist auf der Suche nach einer (moderierten) Lesung oder ben\u00f6tigt einen Moderator \/ Organisator mit viel Herzblut und Erfahrung (u.a. <a rel=\"noreferrer noopener\" href=\"https:\/\/www.facebook.com\/nrwslam\" target=\"_blank\">NRW Slam 2018<\/a> &amp; Mitarbeit bei <a rel=\"noreferrer noopener\" href=\"https:\/\/www.mordamhellweg.de\/\" target=\"_blank\">Mord am Hellweg 2022<\/a>), dann <a rel=\"noreferrer noopener\" href=\"https:\/\/marian-heuser.de\/?page_id=49\" target=\"_blank\"><strong>melde Dich bei mir<\/strong><\/a>.<\/p>\n<\/div>\n\n\n\n<div class=\"wp-container-2 wp-block-column\"><div class=\"wp-block-image\">\n<figure class=\"alignright size-large is-resized\"><img loading=\"lazy\" src=\"https:\/\/marian-heuser.de\/wp-content\/uploads\/2016\/08\/Moderator_Marian_Heuser-c-Szenestreifen-2bb-683x1024.jpg\" alt=\"\" class=\"wp-image-149\" width=\"430\" height=\"645\" srcset=\"https:\/\/marian-heuser.de\/wp-content\/uploads\/2016\/08\/Moderator_Marian_Heuser-c-Szenestreifen-2bb-683x1024.jpg 683w, https:\/\/marian-heuser.de\/wp-content\/uploads\/2016\/08\/Moderator_Marian_Heuser-c-Szenestreifen-2bb-200x300.jpg 200w, https:\/\/marian-heuser.de\/wp-content\/uploads\/2016\/08\/Moderator_Marian_Heuser-c-Szenestreifen-2bb-768x1152.jpg 768w, https:\/\/marian-heuser.de\/wp-content\/uploads\/2016\/08\/Moderator_Marian_Heuser-c-Szenestreifen-2bb-750x1125.jpg 750w, https:\/\/marian-heuser.de\/wp-content\/uploads\/2016\/08\/Moderator_Marian_Heuser-c-Szenestreifen-2bb.jpg 1833w\" sizes=\"(max-width: 430px) 100vw, 430px\" \/><figcaption>\u00a9 Szenestreifen.de<\/figcaption><\/figure><\/div><\/div>\n<\/div>\n\n\n\n<p><\/p>\n\n\n\n<hr class=\"wp-block-separator has-alpha-channel-opacity\"\/>\n\n\n\n<div class=\"wp-container-6 wp-block-columns\">\n<div class=\"wp-container-4 wp-block-column\" style=\"flex-basis:250px\"><div class=\"wp-block-image\">\n<figure class=\"alignleft size-large\"><img loading=\"lazy\" width=\"729\" height=\"1024\" src=\"https:\/\/marian-heuser.de\/wp-content\/uploads\/2025\/10\/A3_Peter_Panisch_Kreativ-Haus_MS_Sept24-WEB-kl-729x1024.jpg\" alt=\"\" class=\"wp-image-777\" srcset=\"https:\/\/marian-heuser.de\/wp-content\/uploads\/2025\/10\/A3_Peter_Panisch_Kreativ-Haus_MS_Sept24-WEB-kl-729x1024.jpg 729w, https:\/\/marian-heuser.de\/wp-content\/uploads\/2025\/10\/A3_Peter_Panisch_Kreativ-Haus_MS_Sept24-WEB-kl-213x300.jpg 213w, https:\/\/marian-heuser.de\/wp-content\/uploads\/2025\/10\/A3_Peter_Panisch_Kreativ-Haus_MS_Sept24-WEB-kl-768x1079.jpg 768w, https:\/\/marian-heuser.de\/wp-content\/uploads\/2025\/10\/A3_Peter_Panisch_Kreativ-Haus_MS_Sept24-WEB-kl-1093x1536.jpg 1093w, https:\/\/marian-heuser.de\/wp-content\/uploads\/2025\/10\/A3_Peter_Panisch_Kreativ-Haus_MS_Sept24-WEB-kl-750x1054.jpg 750w, https:\/\/marian-heuser.de\/wp-content\/uploads\/2025\/10\/A3_Peter_Panisch_Kreativ-Haus_MS_Sept24-WEB-kl.jpg 1181w\" sizes=\"(max-width: 729px) 100vw, 729px\" \/><\/figure><\/div><\/div>\n\n\n\n<div class=\"wp-container-5 wp-block-column\">\n<p class=\"has-medium-font-size\"><strong>Oder bist Du etwa auf der Suche nach einer abendf\u00fcllenden Show<\/strong>, die sowohl zum Schreien <strong>lustig, als auch lyrisch und nachdenklich<\/strong> ist? Dann buch mein SOLOPROGRAMM &#8222;Wir scheitern voran&#8220; und begib dich in ein 90 min\u00fctiges <strong>Abwechslungsbad der Gef\u00fchle<\/strong>, bei dem garantiert kein Auge trocken bleibt.<\/p>\n\n\n\n<p><strong>Pressestimmen zum Programm<\/strong>:<\/p>\n\n\n\n<p>\u201ePeter Panisch verpackt Konsumkritik und Witz in sprachliche Virtuosit\u00e4t.\u201c<br>(Westf\u00e4lische Nachrichten)<\/p>\n\n\n\n<p>\u201eEin heiterer Abend mit hintergr\u00fcndigem Witz und dem Finger in den Wunden der Gesellschaft.\u201c<br>(Bergische Morgenpost)<\/p>\n\n\n\n<p>\u201eHerrlich unterhaltsam und zugleich ungemein kritisch. Sprachlich und inhaltlich auf h\u00f6chstem Niveau.\u201c<br>(Bonner General Anzeiger)<\/p>\n\n\n\n<p><\/p>\n<\/div>\n<\/div>\n\n\n\n<p><\/p>\n\n\n\n<hr class=\"wp-block-separator has-alpha-channel-opacity\"\/>\n\n\n\n<div class=\"wp-container-9 wp-block-columns\">\n<div class=\"wp-container-7 wp-block-column\">\n<p class=\"has-medium-font-size\">Aber es geht auch gemeinsam: <\/p>\n\n\n\n<p class=\"has-medium-font-size\">Zusammen mit dem mehrfachen Gewinner des deutschen Rock- und Poppreises <strong><a rel=\"noreferrer noopener\" href=\"https:\/\/www.gunnar-nanuk.de\/\" target=\"_blank\">Gunnar Nanuk<\/a> <\/strong>habe ich 2022 einen neuen <strong>Poetry Track namens &#8222;Prolog&#8220; <\/strong>produziert. Gunnars experimentelle, intuitive Musik und mein Texte leben seither in einer Symbiose. Weitere Kollaborationen sind in Arbeit. Hier spielt die <a href=\"https:\/\/soundcloud.com\/gunnar-nanuk\/prolog\"><strong>M<\/strong><\/a><a rel=\"noreferrer noopener\" href=\"https:\/\/soundcloud.com\/gunnar-nanuk\/prolog\" target=\"_blank\"><strong>usi<\/strong><\/a><a href=\"https:\/\/soundcloud.com\/gunnar-nanuk\/prolog\"><strong>k.<\/strong><\/a><\/p>\n\n\n\n<p>Bei dem M\u00fcnsteraner Label <a href=\"https:\/\/www.trustinwax.com\/\" target=\"_blank\" rel=\"noreferrer noopener\">trustinwax<\/a> ist 2025 au\u00dferdem mein erster <a href=\"https:\/\/www.trustinwax.com\/releases\/peter-panisch-dub-schober-kauf-dich-gl%C3%BCcklich-original-atwashere-remix\" target=\"_blank\" rel=\"noreferrer noopener\">DUB-POETRY-Track namens &#8222;Kauf dich gl\u00fccklich&#8220;<\/a> erschienen, den ich mit den fantastischen Musikern und Produzenten Dub Schober und Albert (DJ Atwashere) aufnehmen durfte.<\/p>\n\n\n\n<p>Aber auch vor meiner Bekanntschaft mit Gunnar und trustinwax hat es mich schon mehrmals Richtung Musik gezogen. Weitere (wenn auch deutlich \u00e4ltere) Beispiele findet ihr <a rel=\"noreferrer noopener\" href=\"https:\/\/www.youtube.com\/watch?v=mymYn0ysx4o\" data-type=\"URL\" data-id=\"https:\/\/www.youtube.com\/watch?v=mymYn0ysx4o\" target=\"_blank\">hier<\/a> und <a rel=\"noreferrer noopener\" href=\"https:\/\/www.youtube.com\/watch?v=5tUIkxxKLDw\" data-type=\"URL\" data-id=\"https:\/\/www.youtube.com\/watch?v=5tUIkxxKLDw\" target=\"_blank\">hier<\/a>.<\/p>\n<\/div>\n\n\n\n<div class=\"wp-container-8 wp-block-column\" style=\"flex-basis:300px\">\n<figure class=\"wp-block-image size-large is-resized\"><img loading=\"lazy\" src=\"https:\/\/marian-heuser.de\/wp-content\/uploads\/2021\/11\/PROLOG_Cover_c_Anna-Lisa_Konrad-1024x1024.jpg\" alt=\"\" class=\"wp-image-390\" width=\"512\" height=\"512\" srcset=\"https:\/\/marian-heuser.de\/wp-content\/uploads\/2021\/11\/PROLOG_Cover_c_Anna-Lisa_Konrad-1024x1024.jpg 1024w, https:\/\/marian-heuser.de\/wp-content\/uploads\/2021\/11\/PROLOG_Cover_c_Anna-Lisa_Konrad-300x300.jpg 300w, https:\/\/marian-heuser.de\/wp-content\/uploads\/2021\/11\/PROLOG_Cover_c_Anna-Lisa_Konrad-150x150.jpg 150w, https:\/\/marian-heuser.de\/wp-content\/uploads\/2021\/11\/PROLOG_Cover_c_Anna-Lisa_Konrad-768x768.jpg 768w, https:\/\/marian-heuser.de\/wp-content\/uploads\/2021\/11\/PROLOG_Cover_c_Anna-Lisa_Konrad-1536x1536.jpg 1536w, https:\/\/marian-heuser.de\/wp-content\/uploads\/2021\/11\/PROLOG_Cover_c_Anna-Lisa_Konrad-2048x2048.jpg 2048w, https:\/\/marian-heuser.de\/wp-content\/uploads\/2021\/11\/PROLOG_Cover_c_Anna-Lisa_Konrad-750x750.jpg 750w\" sizes=\"(max-width: 512px) 100vw, 512px\" \/><\/figure>\n<\/div>\n<\/div>\n\n\n\n<hr class=\"wp-block-separator has-alpha-channel-opacity\"\/>\n\n\n\n<h3 class=\"has-text-align-center\">Noch neugieriger geworden? <\/h3>\n\n\n\n<p class=\"has-text-align-center\">Dann einfach <a href=\"https:\/\/marian-heuser.de\/?page_id=49\">K<\/a><a href=\"https:\/\/marian-heuser.de\/?page_id=49\" target=\"_blank\" rel=\"noreferrer noopener\">on<\/a><a href=\"https:\/\/marian-heuser.de\/?page_id=49\">takt <\/a>aufnehmen!<\/p>\n","protected":false},"excerpt":{"rendered":"<p>&#8222;Das Leben ist eine B\u00fchne und f\u00fcr B\u00fchnen&nbsp;lohnt es sich zu leben.&#8220; Darum\u00a0bin ich Kulturmanager Poetry Slammer Autor Moderator Dozent &amp; Workshopgeber Sprecher und manchmal [&hellip;]<\/p>\n","protected":false},"author":1,"featured_media":69,"parent":0,"menu_order":0,"comment_status":"closed","ping_status":"closed","template":"page_fullwidth.php","meta":[],"_links":{"self":[{"href":"https:\/\/marian-heuser.de\/index.php?rest_route=\/wp\/v2\/pages\/53"}],"collection":[{"href":"https:\/\/marian-heuser.de\/index.php?rest_route=\/wp\/v2\/pages"}],"about":[{"href":"https:\/\/marian-heuser.de\/index.php?rest_route=\/wp\/v2\/types\/page"}],"author":[{"embeddable":true,"href":"https:\/\/marian-heuser.de\/index.php?rest_route=\/wp\/v2\/users\/1"}],"replies":[{"embeddable":true,"href":"https:\/\/marian-heuser.de\/index.php?rest_route=%2Fwp%2Fv2%2Fcomments&post=53"}],"version-history":[{"count":104,"href":"https:\/\/marian-heuser.de\/index.php?rest_route=\/wp\/v2\/pages\/53\/revisions"}],"predecessor-version":[{"id":783,"href":"https:\/\/marian-heuser.de\/index.php?rest_route=\/wp\/v2\/pages\/53\/revisions\/783"}],"wp:featuredmedia":[{"embeddable":true,"href":"https:\/\/marian-heuser.de\/index.php?rest_route=\/wp\/v2\/media\/69"}],"wp:attachment":[{"href":"https:\/\/marian-heuser.de\/index.php?rest_route=%2Fwp%2Fv2%2Fmedia&parent=53"}],"curies":[{"name":"wp","href":"https:\/\/api.w.org\/{rel}","templated":true}]}}